{"id":5,"date":"2017-03-13T11:56:02","date_gmt":"2017-03-13T10:56:02","guid":{"rendered":"http:\/\/www.bdc-berlin.de\/cms\/?page_id=5"},"modified":"2018-12-11T10:50:58","modified_gmt":"2018-12-11T09:50:58","slug":"willkommen","status":"publish","type":"page","link":"http:\/\/www.bdc-berlin.de\/cms\/willkommen\/","title":{"rendered":"Willkommen"},"content":{"rendered":"<p>bei der Motorrad Interessengemeinschaft BDC Berlin.<\/p>\n<p>Auf diesen Seiten findet Ihr einen kleinen Auszug \u00fcber uns, unsere Aktivit\u00e4ten, inklusive Tourenberichten, Reiseberichten, Terminen, sowie diverse Links \u00fcber Aktivit\u00e4ten anderer Biker und deren Veranstaltungen.<\/p>\n<p class=\"jetpack-slideshow-noscript robots-nocontent\">Diese Diashow ben\u00f6tigt JavaScript.<\/p><div id=\"gallery-5-1-slideshow\" class=\"jetpack-slideshow-window jetpack-slideshow jetpack-slideshow-black\" data-trans=\"fade\" data-autostart=\"1\" data-gallery=\"[{&quot;src&quot;:&quot;https:\\\/\\\/i0.wp.com\\\/www.bdc-berlin.de\\\/cms\\\/wp-content\\\/uploads\\\/2018\\\/06\\\/DSC03480-3.jpg?fit=1280%2C761&quot;,&quot;id&quot;:&quot;2572&quot;,&quot;title&quot;:&quot;Fahrertraining 2018&quot;,&quot;alt&quot;:&quot;&quot;,&quot;caption&quot;:&quot;Fahrertraining 2018&quot;,&quot;itemprop&quot;:&quot;image&quot;},{&quot;src&quot;:&quot;https:\\\/\\\/i0.wp.com\\\/www.bdc-berlin.de\\\/cms\\\/wp-content\\\/uploads\\\/2017\\\/03\\\/img_2373a.jpg?fit=534%2C290&quot;,&quot;id&quot;:&quot;145&quot;,&quot;title&quot;:&quot;BDC Gruppenbild&quot;,&quot;alt&quot;:&quot;&quot;,&quot;caption&quot;:&quot;Der BDC auf Tour&quot;,&quot;itemprop&quot;:&quot;image&quot;},{&quot;src&quot;:&quot;https:\\\/\\\/i0.wp.com\\\/www.bdc-berlin.de\\\/cms\\\/wp-content\\\/uploads\\\/2017\\\/03\\\/20100313_9999_75a.jpg?fit=640%2C427&quot;,&quot;id&quot;:&quot;1304&quot;,&quot;title&quot;:&quot;20100313_9999_75a&quot;,&quot;alt&quot;:&quot;&quot;,&quot;caption&quot;:&quot;&quot;,&quot;itemprop&quot;:&quot;image&quot;},{&quot;src&quot;:&quot;https:\\\/\\\/i0.wp.com\\\/www.bdc-berlin.de\\\/cms\\\/wp-content\\\/uploads\\\/2017\\\/03\\\/Harz-9.jpg?fit=640%2C480&quot;,&quot;id&quot;:&quot;1453&quot;,&quot;title&quot;:&quot;Harz 9&quot;,&quot;alt&quot;:&quot;&quot;,&quot;caption&quot;:&quot;&quot;,&quot;itemprop&quot;:&quot;image&quot;},{&quot;src&quot;:&quot;https:\\\/\\\/i0.wp.com\\\/www.bdc-berlin.de\\\/cms\\\/wp-content\\\/uploads\\\/2018\\\/12\\\/weihnachten2018.jpg?fit=1280%2C889&quot;,&quot;id&quot;:&quot;2715&quot;,&quot;title&quot;:&quot;Weihnachten 2018&quot;,&quot;alt&quot;:&quot;&quot;,&quot;caption&quot;:&quot;Weihnachten 2018 im Nussknacker Erkner&quot;,&quot;itemprop&quot;:&quot;image&quot;},{&quot;src&quot;:&quot;https:\\\/\\\/i0.wp.com\\\/www.bdc-berlin.de\\\/cms\\\/wp-content\\\/uploads\\\/2017\\\/03\\\/20100619_9999_68.jpg?fit=1024%2C683&quot;,&quot;id&quot;:&quot;1332&quot;,&quot;title&quot;:&quot;20100619_9999_68&quot;,&quot;alt&quot;:&quot;&quot;,&quot;caption&quot;:&quot;&quot;,&quot;itemprop&quot;:&quot;image&quot;},{&quot;src&quot;:&quot;https:\\\/\\\/i0.wp.com\\\/www.bdc-berlin.de\\\/cms\\\/wp-content\\\/uploads\\\/2017\\\/03\\\/File0023.jpg?fit=640%2C401&quot;,&quot;id&quot;:&quot;1718&quot;,&quot;title&quot;:&quot;File0023&quot;,&quot;alt&quot;:&quot;&quot;,&quot;caption&quot;:&quot;&quot;,&quot;itemprop&quot;:&quot;image&quot;},{&quot;src&quot;:&quot;https:\\\/\\\/i0.wp.com\\\/www.bdc-berlin.de\\\/cms\\\/wp-content\\\/uploads\\\/2017\\\/03\\\/IMG_0728.jpg?fit=640%2C427&quot;,&quot;id&quot;:&quot;937&quot;,&quot;title&quot;:&quot;IMG_0728&quot;,&quot;alt&quot;:&quot;&quot;,&quot;caption&quot;:&quot;im Flughafen Tempelhof&quot;,&quot;itemprop&quot;:&quot;image&quot;},{&quot;src&quot;:&quot;https:\\\/\\\/i0.wp.com\\\/www.bdc-berlin.de\\\/cms\\\/wp-content\\\/uploads\\\/2017\\\/03\\\/imm000_0A.jpg?fit=640%2C427&quot;,&quot;id&quot;:&quot;1726&quot;,&quot;title&quot;:&quot;imm000_0A&quot;,&quot;alt&quot;:&quot;&quot;,&quot;caption&quot;:&quot;&quot;,&quot;itemprop&quot;:&quot;image&quot;},{&quot;src&quot;:&quot;https:\\\/\\\/i0.wp.com\\\/www.bdc-berlin.de\\\/cms\\\/wp-content\\\/uploads\\\/2017\\\/03\\\/Harz-4.jpg?fit=640%2C480&quot;,&quot;id&quot;:&quot;1448&quot;,&quot;title&quot;:&quot;Harz 4&quot;,&quot;alt&quot;:&quot;&quot;,&quot;caption&quot;:&quot;&quot;,&quot;itemprop&quot;:&quot;image&quot;},{&quot;src&quot;:&quot;https:\\\/\\\/i0.wp.com\\\/www.bdc-berlin.de\\\/cms\\\/wp-content\\\/uploads\\\/2017\\\/03\\\/DSC08640.jpg?fit=1024%2C768&quot;,&quot;id&quot;:&quot;856&quot;,&quot;title&quot;:&quot;DSC08640&quot;,&quot;alt&quot;:&quot;&quot;,&quot;caption&quot;:&quot;&quot;,&quot;itemprop&quot;:&quot;image&quot;},{&quot;src&quot;:&quot;https:\\\/\\\/i0.wp.com\\\/www.bdc-berlin.de\\\/cms\\\/wp-content\\\/uploads\\\/2017\\\/09\\\/DSCN4846.jpg?fit=1280%2C960&quot;,&quot;id&quot;:&quot;2334&quot;,&quot;title&quot;:&quot;DSCN4846&quot;,&quot;alt&quot;:&quot;&quot;,&quot;caption&quot;:&quot;Am Schwielowsee&quot;,&quot;itemprop&quot;:&quot;image&quot;},{&quot;src&quot;:&quot;https:\\\/\\\/i0.wp.com\\\/www.bdc-berlin.de\\\/cms\\\/wp-content\\\/uploads\\\/2017\\\/03\\\/20081024_4254a.jpg?fit=640%2C427&quot;,&quot;id&quot;:&quot;148&quot;,&quot;title&quot;:&quot;20081024_4254a&quot;,&quot;alt&quot;:&quot;&quot;,&quot;caption&quot;:&quot;rund um die Uhr Unterwegs&quot;,&quot;itemprop&quot;:&quot;image&quot;},{&quot;src&quot;:&quot;https:\\\/\\\/i0.wp.com\\\/www.bdc-berlin.de\\\/cms\\\/wp-content\\\/uploads\\\/2017\\\/03\\\/IMG_8555.jpg?fit=640%2C427&quot;,&quot;id&quot;:&quot;1505&quot;,&quot;title&quot;:&quot;IMG_8555&quot;,&quot;alt&quot;:&quot;&quot;,&quot;caption&quot;:&quot;&quot;,&quot;itemprop&quot;:&quot;image&quot;}]\" itemscope itemtype=\"https:\/\/schema.org\/ImageGallery\"><\/div>\n<p>Mehr Informationen \u00fcber uns kannst Du <a href=\"\/cms\/ueber-uns\/\">hier<\/a> erhalten. Wenn Dir gef\u00e4llt was Du siehst, Fragen oder Informationen f\u00fcr uns hast, nimm einfach <a href=\"\/cms\/kontakt\/\">Kontakt<\/a> mit uns auf. Vielleicht sieht man sich ja mal auf einer Ausfahrt?<\/p>\n","protected":false},"excerpt":{"rendered":"<p>bei der Motorrad Interessengemeinschaft BDC Berlin. Auf diesen Seiten findet Ihr einen kleinen Auszug \u00fcber uns, unsere Aktivit\u00e4ten, inklusive Tourenberichten, Reiseberichten, Terminen, sowie diverse Links \u00fcber Aktivit\u00e4ten anderer Biker und deren Veranstaltungen. Mehr Informationen \u00fcber uns kannst Du hier erhalten. Wenn Dir gef\u00e4llt was Du siehst, Fragen oder Informationen f\u00fcr uns hast, nimm einfach Kontakt [&hellip;]<\/p>\n","protected":false},"author":1,"featured_media":0,"parent":0,"menu_order":0,"comment_status":"closed","ping_status":"closed","template":"","meta":{"_bbp_topic_count":0,"_bbp_reply_count":0,"_bbp_total_topic_count":0,"_bbp_total_reply_count":0,"_bbp_voice_count":0,"_bbp_anonymous_reply_count":0,"_bbp_topic_count_hidden":0,"_bbp_reply_count_hidden":0,"_bbp_forum_subforum_count":0,"jetpack_post_was_ever_published":false,"footnotes":""},"class_list":["post-5","page","type-page","status-publish","hentry"],"jetpack_sharing_enabled":true,"jetpack_shortlink":"https:\/\/wp.me\/P8vfci-5","_links":{"self":[{"href":"http:\/\/www.bdc-berlin.de\/cms\/wp-json\/wp\/v2\/pages\/5","targetHints":{"allow":["GET"]}}],"collection":[{"href":"http:\/\/www.bdc-berlin.de\/cms\/wp-json\/wp\/v2\/pages"}],"about":[{"href":"http:\/\/www.bdc-berlin.de\/cms\/wp-json\/wp\/v2\/types\/page"}],"author":[{"embeddable":true,"href":"http:\/\/www.bdc-berlin.de\/cms\/wp-json\/wp\/v2\/users\/1"}],"replies":[{"embeddable":true,"href":"http:\/\/www.bdc-berlin.de\/cms\/wp-json\/wp\/v2\/comments?post=5"}],"version-history":[{"count":19,"href":"http:\/\/www.bdc-berlin.de\/cms\/wp-json\/wp\/v2\/pages\/5\/revisions"}],"predecessor-version":[{"id":2716,"href":"http:\/\/www.bdc-berlin.de\/cms\/wp-json\/wp\/v2\/pages\/5\/revisions\/2716"}],"wp:attachment":[{"href":"http:\/\/www.bdc-berlin.de\/cms\/wp-json\/wp\/v2\/media?parent=5"}],"curies":[{"name":"wp","href":"https:\/\/api.w.org\/{rel}","templated":true}]}}